{"id":1766,"date":"2026-04-13T12:34:21","date_gmt":"2026-04-13T12:34:21","guid":{"rendered":"https:\/\/www.tintalada.com\/accueil\/?page_id=1766"},"modified":"2026-04-13T12:36:28","modified_gmt":"2026-04-13T12:36:28","slug":"elementor-1766","status":"publish","type":"page","link":"https:\/\/www.tintalada.com\/accueil\/elementor-1766","title":{"rendered":"Elementor #1766"},"content":{"rendered":"\t\t<div data-elementor-type=\"wp-page\" data-elementor-id=\"1766\" class=\"elementor elementor-1766\">\n\t\t\t\t\t\t<section class=\"elementor-section elementor-top-section elementor-element elementor-element-4b637ba elementor-section-boxed elementor-section-height-default elementor-section-height-default\" data-id=\"4b637ba\" data-element_type=\"section\" data-e-type=\"section\">\n\t\t\t\t\t\t<div class=\"elementor-container elementor-column-gap-default\">\n\t\t\t\t\t<div class=\"elementor-column elementor-col-100 elementor-top-column elementor-element elementor-element-9368bbf\" data-id=\"9368bbf\" data-element_type=\"column\" data-e-type=\"column\">\n\t\t\t<div class=\"elementor-widget-wrap elementor-element-populated\">\n\t\t\t\t\t\t<div class=\"elementor-element elementor-element-853b7d4 elementor-widget elementor-widget-heading\" data-id=\"853b7d4\" data-element_type=\"widget\" data-e-type=\"widget\" data-widget_type=\"heading.default\">\n\t\t\t\t<div class=\"elementor-widget-container\">\n\t\t\t\t\t<h2 class=\"elementor-heading-title elementor-size-default\">CESSEZ LE FEU !<\/h2>\t\t\t\t<\/div>\n\t\t\t\t<\/div>\n\t\t\t\t\t<\/div>\n\t\t<\/div>\n\t\t\t\t\t<\/div>\n\t\t<\/section>\n\t\t\t\t<section class=\"elementor-section elementor-top-section elementor-element elementor-element-54740d2 elementor-section-boxed elementor-section-height-default elementor-section-height-default\" data-id=\"54740d2\" data-element_type=\"section\" data-e-type=\"section\">\n\t\t\t\t\t\t<div class=\"elementor-container elementor-column-gap-default\">\n\t\t\t\t\t<div class=\"elementor-column elementor-col-100 elementor-top-column elementor-element elementor-element-92d3ed1\" data-id=\"92d3ed1\" data-element_type=\"column\" data-e-type=\"column\">\n\t\t\t<div class=\"elementor-widget-wrap\">\n\t\t\t\t\t\t\t<\/div>\n\t\t<\/div>\n\t\t\t\t\t<\/div>\n\t\t<\/section>\n\t\t\t\t<section class=\"elementor-section elementor-top-section elementor-element elementor-element-cf43068 elementor-section-boxed elementor-section-height-default elementor-section-height-default\" data-id=\"cf43068\" data-element_type=\"section\" data-e-type=\"section\">\n\t\t\t\t\t\t<div class=\"elementor-container elementor-column-gap-default\">\n\t\t\t\t\t<div class=\"elementor-column elementor-col-100 elementor-top-column elementor-element elementor-element-c21991f\" data-id=\"c21991f\" data-element_type=\"column\" data-e-type=\"column\">\n\t\t\t<div class=\"elementor-widget-wrap elementor-element-populated\">\n\t\t\t\t\t\t<div class=\"elementor-element elementor-element-69dba87 elementor-widget elementor-widget-text-editor\" data-id=\"69dba87\" data-element_type=\"widget\" data-e-type=\"widget\" data-widget_type=\"text-editor.default\">\n\t\t\t\t<div class=\"elementor-widget-container\">\n\t\t\t\t\t\t\t\t\t<div style=\"width: 1920px;\" class=\"wp-video\"><video class=\"wp-video-shortcode\" id=\"video-1766-1\" width=\"1920\" height=\"1080\" preload=\"metadata\" controls=\"controls\"><source type=\"video\/mp4\" src=\"https:\/\/www.tintalada.com\/accueil\/wp-content\/uploads\/2026\/04\/Cessez-le-feu_teaser_light.mp4?_=1\" \/><a href=\"https:\/\/www.tintalada.com\/accueil\/wp-content\/uploads\/2026\/04\/Cessez-le-feu_teaser_light.mp4\">https:\/\/www.tintalada.com\/accueil\/wp-content\/uploads\/2026\/04\/Cessez-le-feu_teaser_light.mp4<\/a><\/video><\/div><p>Un dispositif de cr\u00e9ation in-situ en r\u00e9action aux grands feux qui ont ravag\u00e9 les Corbi\u00e8res en Ao\u00fbt 2025<\/p><p>\u00a0<\/p><p>\u00ab\u00a0Le territoire est d\u00e9vast\u00e9, les dons affluent (merci), <br \/>tout le monde s&rsquo;active \u00e0 r\u00e9parer les \u00e9normes d\u00e9g\u00e2ts mat\u00e9riels. <br \/>Mais qu&rsquo;en est-il du feu qui continue de br\u00fbler <br \/>\u00e0 l&rsquo;int\u00e9rieur de chacun, chacune d&rsquo;entre nous?\u00a0\u00bb Anne S.<\/p><p>\u00a0<\/p><p>Pour tenter d\u2019\u00e9teindre ce feu, quatre artistes du territoire, Anne Sarda (plasticienne), H\u00e9l\u00e8ne Bardot (conteuse) et Laure Cecilio (com\u00e9dienne-chanteuse) et Jules Ribis (musicien) auront transpos\u00e9 po\u00e9tiquement les images et les paroles des habitant\u00b7es de Saint Laurent-de-la-Cabrerisse collect\u00e9es entre le 9 et le 20 Janvier 2026.<\/p><p>\u00a0<\/p><p>Les artistes restituent cette mati\u00e8re vivante et collective sous forme de performance au c\u0153ur d\u2019une exposition\/installation.<\/p>\t\t\t\t\t\t\t\t<\/div>\n\t\t\t\t<\/div>\n\t\t\t\t\t<\/div>\n\t\t<\/div>\n\t\t\t\t\t<\/div>\n\t\t<\/section>\n\t\t\t\t<\/div>\n\t\t","protected":false},"excerpt":{"rendered":"<p>CESSEZ LE FEU ! Un dispositif de cr\u00e9ation in-situ en r\u00e9action aux grands feux qui ont ravag\u00e9 les Corbi\u00e8res en Ao\u00fbt 2025 \u00a0 \u00ab\u00a0Le territoire est d\u00e9vast\u00e9, les dons affluent (merci), tout le monde s&rsquo;active \u00e0 r\u00e9parer les \u00e9normes d\u00e9g\u00e2ts mat\u00e9riels. Mais qu&rsquo;en est-il du feu qui continue de br\u00fbler \u00e0 l&rsquo;int\u00e9rieur de chacun, chacune [&hellip;]<\/p>\n","protected":false},"author":1,"featured_media":0,"parent":0,"menu_order":0,"comment_status":"closed","ping_status":"closed","template":"","meta":{"_uag_custom_page_level_css":"","site-sidebar-layout":"no-sidebar","site-content-layout":"page-builder","ast-site-content-layout":"full-width-container","site-content-style":"default","site-sidebar-style":"default","ast-global-header-display":"","ast-banner-title-visibility":"","ast-main-header-display":"","ast-hfb-above-header-display":"","ast-hfb-below-header-display":"","ast-hfb-mobile-header-display":"","site-post-title":"disabled","ast-breadcrumbs-content":"","ast-featured-img":"disabled","footer-sml-layout":"","theme-transparent-header-meta":"","adv-header-id-meta":"","stick-header-meta":"","header-above-stick-meta":"","header-main-stick-meta":"","header-below-stick-meta":"","astra-migrate-meta-layouts":"set","ast-page-background-enabled":"default","ast-page-background-meta":{"desktop":{"background-color":"","background-image":"","background-repeat":"repeat","background-position":"center center","background-size":"auto","background-attachment":"scroll","background-type":"","background-media":"","overlay-type":"","overlay-color":"","overlay-opacity":"","overlay-gradient":""},"tablet":{"background-color":"","background-image":"","background-repeat":"repeat","background-position":"center center","background-size":"auto","background-attachment":"scroll","background-type":"","background-media":"","overlay-type":"","overlay-color":"","overlay-opacity":"","overlay-gradient":""},"mobile":{"background-color":"","background-image":"","background-repeat":"repeat","background-position":"center center","background-size":"auto","background-attachment":"scroll","background-type":"","background-media":"","overlay-type":"","overlay-color":"","overlay-opacity":"","overlay-gradient":""}},"ast-content-background-meta":{"desktop":{"background-color":"var(--ast-global-color-5)","background-image":"","background-repeat":"repeat","background-position":"center center","background-size":"auto","background-attachment":"scroll","background-type":"","background-media":"","overlay-type":"","overlay-color":"","overlay-opacity":"","overlay-gradient":""},"tablet":{"background-color":"var(--ast-global-color-5)","background-image":"","background-repeat":"repeat","background-position":"center center","background-size":"auto","background-attachment":"scroll","background-type":"","background-media":"","overlay-type":"","overlay-color":"","overlay-opacity":"","overlay-gradient":""},"mobile":{"background-color":"var(--ast-global-color-5)","background-image":"","background-repeat":"repeat","background-position":"center center","background-size":"auto","background-attachment":"scroll","background-type":"","background-media":"","overlay-type":"","overlay-color":"","overlay-opacity":"","overlay-gradient":""}},"footnotes":""},"class_list":["post-1766","page","type-page","status-publish","hentry"],"uagb_featured_image_src":{"full":false,"thumbnail":false,"medium":false,"medium_large":false,"large":false,"1536x1536":false,"2048x2048":false},"uagb_author_info":{"display_name":"Tintalada","author_link":"https:\/\/www.tintalada.com\/accueil\/author\/ilul9"},"uagb_comment_info":0,"uagb_excerpt":"CESSEZ LE FEU ! Un dispositif de cr\u00e9ation in-situ en r\u00e9action aux grands feux qui ont ravag\u00e9 les Corbi\u00e8res en Ao\u00fbt 2025 \u00a0 \u00ab\u00a0Le territoire est d\u00e9vast\u00e9, les dons affluent (merci), tout le monde s&rsquo;active \u00e0 r\u00e9parer les \u00e9normes d\u00e9g\u00e2ts mat\u00e9riels. Mais qu&rsquo;en est-il du feu qui continue de br\u00fbler \u00e0 l&rsquo;int\u00e9rieur de chacun, chacune\u2026","_links":{"self":[{"href":"https:\/\/www.tintalada.com\/accueil\/wp-json\/wp\/v2\/pages\/1766","targetHints":{"allow":["GET"]}}],"collection":[{"href":"https:\/\/www.tintalada.com\/accueil\/wp-json\/wp\/v2\/pages"}],"about":[{"href":"https:\/\/www.tintalada.com\/accueil\/wp-json\/wp\/v2\/types\/page"}],"author":[{"embeddable":true,"href":"https:\/\/www.tintalada.com\/accueil\/wp-json\/wp\/v2\/users\/1"}],"replies":[{"embeddable":true,"href":"https:\/\/www.tintalada.com\/accueil\/wp-json\/wp\/v2\/comments?post=1766"}],"version-history":[{"count":4,"href":"https:\/\/www.tintalada.com\/accueil\/wp-json\/wp\/v2\/pages\/1766\/revisions"}],"predecessor-version":[{"id":1771,"href":"https:\/\/www.tintalada.com\/accueil\/wp-json\/wp\/v2\/pages\/1766\/revisions\/1771"}],"wp:attachment":[{"href":"https:\/\/www.tintalada.com\/accueil\/wp-json\/wp\/v2\/media?parent=1766"}],"curies":[{"name":"wp","href":"https:\/\/api.w.org\/{rel}","templated":true}]}}